{"id":46,"date":"2011-12-28T22:30:54","date_gmt":"2011-12-28T21:30:54","guid":{"rendered":"https:\/\/wolllust-berlin.de\/?page_id=46"},"modified":"2014-09-11T08:43:05","modified_gmt":"2014-09-11T07:43:05","slug":"wer","status":"publish","type":"page","link":"https:\/\/www.wolllust-berlin.de\/?page_id=46","title":{"rendered":"Wer?"},"content":{"rendered":"<p>Die-Wolllust.de ist seit 2005 vielen Handarbeitern ein Garant f\u00fcr exklusive Designerwolle und innovative Lacegarn-Designs. Im Online-Shop finden sich Wolle, Lacegarn, Sockenwolle und Handarbeitsmaterialien namhafter Hersteller und eigener Produktion. Es gibt Wolle und Anleitungen f\u00fcr Schals, T\u00fccher und Stolen, Accessoires und Socken, Naturwolle und Farben, Spinnen und Filzen, Stricknadeln und Zubeh\u00f6r, Pullis und Jacken und vieles mehr.<\/p>\n<p>Die Entwicklung von der Designerwolle \u00fcber eigene Entw\u00fcrfe mit feinstem Lacegarn zeigen eindrucksvoll den kreativen Werdegang von Birgit Freyer.<\/p>\n<p>Geboren 1962 in NRW, interessierte sie sich erst kaum f\u00fcr das Handarbeiten in der Schule. Nach Experimenten mit Techniken wie H\u00e4keln, Kl\u00f6ppeln, Weben, Spinnen und F\u00e4rben blieb sie haupts\u00e4chlich beim Stricken und bildete ihre F\u00e4higkeiten auf diesem Gebiet seit der Jahrtausendwende intensiv aus.<\/p>\n<p>Da viele herk\u00f6mmliche Strickanleitungen f\u00fcr sie unverst\u00e4ndlich und nicht logisch genug aufgebaut waren, begann sie, eigene Anleitungen zu schreiben und stie\u00df damit auf breite Zustimmung bei Freunden und Strickern.<\/p>\n<p><a href=\"https:\/\/wolllust-berlin.de\/wp-content\/uploads\/2011\/12\/Tuch-MonBijou-col.jpg\"><img loading=\"lazy\" class=\"aligncenter size-full wp-image-55\" title=\"Tuch *MonBijou*\" src=\"https:\/\/wolllust-berlin.de\/wp-content\/uploads\/2011\/12\/Tuch-MonBijou-col.jpg\" alt=\"\" width=\"550\" height=\"350\" srcset=\"https:\/\/www.wolllust-berlin.de\/wp-content\/uploads\/2011\/12\/Tuch-MonBijou-col.jpg 550w, https:\/\/www.wolllust-berlin.de\/wp-content\/uploads\/2011\/12\/Tuch-MonBijou-col-300x190.jpg 300w\" sizes=\"(max-width: 550px) 100vw, 550px\" \/><\/a><br \/>\nInzwischen hat Birgit Freyer \u00fcber 300 Modelle entworfen. Au\u00dferdem existiert ein Ebook mit 12 Modellen, Workshops und Fotokursen zum Lace-Stricken und der T\u00fccherrausch, in dem man neuen Mustern monatlich mit und ohne Wolle verfallen kann.<\/p>\n<p>Birgit Freyer betreibt seit M\u00e4rz 2005 den Online-Shop <a href=\"https:\/\/www.die-wolllust.de\/\">www.die-wolllust.de<\/a> mit exklusiver Designerwolle und eigenen Lacegarn-Mustern und Designs.<\/p>\n<p>Seit August 2007 gibt es unter <a href=\"https:\/\/www.knitting-delight.com\/\">www.knitting-delight.com<\/a> Anleitungen f\u00fcr Modelle aus Lacegarnen jeder Art. Um den internationalen Markt zu bedienen,\u00a0 erscheinen die Anleitungen neben Deutsch auch auf Englisch, Franz\u00f6sisch, Italienisch und Spanisch.<\/p>\n<p>Die Strickdesignerin ver\u00f6ffentlichte individuelle Entw\u00fcrfe bei Coats (Regia), Filatura Di Crosa, Zitron und Schoppel und fertigte exklusive Designs f\u00fcr die Zeitschriften Verena und Anna.<\/p>\n<p>&nbsp;<\/p>\n<p>&nbsp;<\/p>\n","protected":false},"excerpt":{"rendered":"<p>Die-Wolllust.de ist seit 2005 vielen Handarbeitern ein Garant f\u00fcr exklusive Designerwolle und innovative Lacegarn-Designs. Im Online-Shop finden sich Wolle, Lacegarn, Sockenwolle und Handarbeitsmaterialien namhafter Hersteller und eigener Produktion. Es gibt Wolle und Anleitungen f\u00fcr Schals, T\u00fccher und Stolen, Accessoires und &hellip; <a href=\"https:\/\/www.wolllust-berlin.de\/?page_id=46\">Weiterlesen <span class=\"meta-nav\">&rarr;<\/span><\/a><\/p>\n","protected":false},"author":2,"featured_media":0,"parent":0,"menu_order":1,"comment_status":"closed","ping_status":"closed","template":"","meta":[],"_links":{"self":[{"href":"https:\/\/www.wolllust-berlin.de\/index.php?rest_route=\/wp\/v2\/pages\/46"}],"collection":[{"href":"https:\/\/www.wolllust-berlin.de\/index.php?rest_route=\/wp\/v2\/pages"}],"about":[{"href":"https:\/\/www.wolllust-berlin.de\/index.php?rest_route=\/wp\/v2\/types\/page"}],"author":[{"embeddable":true,"href":"https:\/\/www.wolllust-berlin.de\/index.php?rest_route=\/wp\/v2\/users\/2"}],"replies":[{"embeddable":true,"href":"https:\/\/www.wolllust-berlin.de\/index.php?rest_route=%2Fwp%2Fv2%2Fcomments&post=46"}],"version-history":[{"count":8,"href":"https:\/\/www.wolllust-berlin.de\/index.php?rest_route=\/wp\/v2\/pages\/46\/revisions"}],"predecessor-version":[{"id":793,"href":"https:\/\/www.wolllust-berlin.de\/index.php?rest_route=\/wp\/v2\/pages\/46\/revisions\/793"}],"wp:attachment":[{"href":"https:\/\/www.wolllust-berlin.de\/index.php?rest_route=%2Fwp%2Fv2%2Fmedia&parent=46"}],"curies":[{"name":"wp","href":"https:\/\/api.w.org\/{rel}","templated":true}]}}