{"id":20,"date":"2011-12-28T18:02:57","date_gmt":"2011-12-28T17:02:57","guid":{"rendered":"https:\/\/wolllust-berlin.de\/?page_id=20"},"modified":"2024-02-01T23:59:58","modified_gmt":"2024-02-01T22:59:58","slug":"wo","status":"publish","type":"page","link":"https:\/\/www.wolllust-berlin.de\/?page_id=20","title":{"rendered":"Wo?"},"content":{"rendered":"<p>Die WollLust<br \/>\nMittenwalder Stra\u00dfe 49<br \/>\n10961 Berlin<br \/>\nTelefon: +49 30 \/695 333 85<br \/>\nTelefax: +49 30 \/695 333 86<br \/>\n<a href=\"https:\/\/wolllust-berlin.de\/wp-content\/uploads\/2011\/12\/Lageplan12.gif\"><img loading=\"lazy\" class=\"alignleft size-full wp-image-391\" title=\"Lageplan1\" src=\"https:\/\/wolllust-berlin.de\/wp-content\/uploads\/2011\/12\/Lageplan12.gif\" alt=\"\" width=\"297\" height=\"221\" \/><\/a><\/p>\n<p>Linie U7<br \/>\n&gt; Haltestelle: Gneisenaustra\u00dfe<br \/>\n&gt; Ausgang: Mittenwalder Stra\u00dfe<\/p>\n<p>Bus 140<br \/>\n&gt; Haltestelle: Gneisenaustra\u00dfe<\/p>\n<h6><\/h6>\n<p><strong>\u00d6ffnungszeiten:<br \/>\n<\/strong>Der Laden ist geschlossen.<strong><br \/>\n<\/strong><\/p>\n<p><strong>Betreutes Stricken: <\/strong>02.02.2024 und 16.02.2024 15:00 bis 18:00 Uhr<\/p>\n","protected":false},"excerpt":{"rendered":"<p>Die WollLust Mittenwalder Stra\u00dfe 49 10961 Berlin Telefon: +49 30 \/695 333 85 Telefax: +49 30 \/695 333 86 Linie U7 &gt; Haltestelle: Gneisenaustra\u00dfe &gt; Ausgang: Mittenwalder Stra\u00dfe Bus 140 &gt; Haltestelle: Gneisenaustra\u00dfe \u00d6ffnungszeiten: Der Laden ist geschlossen. Betreutes Stricken: &hellip; <a href=\"https:\/\/www.wolllust-berlin.de\/?page_id=20\">Weiterlesen <span class=\"meta-nav\">&rarr;<\/span><\/a><\/p>\n","protected":false},"author":1,"featured_media":0,"parent":0,"menu_order":2,"comment_status":"closed","ping_status":"closed","template":"","meta":[],"_links":{"self":[{"href":"https:\/\/www.wolllust-berlin.de\/index.php?rest_route=\/wp\/v2\/pages\/20"}],"collection":[{"href":"https:\/\/www.wolllust-berlin.de\/index.php?rest_route=\/wp\/v2\/pages"}],"about":[{"href":"https:\/\/www.wolllust-berlin.de\/index.php?rest_route=\/wp\/v2\/types\/page"}],"author":[{"embeddable":true,"href":"https:\/\/www.wolllust-berlin.de\/index.php?rest_route=\/wp\/v2\/users\/1"}],"replies":[{"embeddable":true,"href":"https:\/\/www.wolllust-berlin.de\/index.php?rest_route=%2Fwp%2Fv2%2Fcomments&post=20"}],"version-history":[{"count":29,"href":"https:\/\/www.wolllust-berlin.de\/index.php?rest_route=\/wp\/v2\/pages\/20\/revisions"}],"predecessor-version":[{"id":2666,"href":"https:\/\/www.wolllust-berlin.de\/index.php?rest_route=\/wp\/v2\/pages\/20\/revisions\/2666"}],"wp:attachment":[{"href":"https:\/\/www.wolllust-berlin.de\/index.php?rest_route=%2Fwp%2Fv2%2Fmedia&parent=20"}],"curies":[{"name":"wp","href":"https:\/\/api.w.org\/{rel}","templated":true}]}}